{"id":1502,"date":"2024-09-26T17:19:28","date_gmt":"2024-09-26T17:19:28","guid":{"rendered":"https:\/\/econatur.net\/ltbg\/"},"modified":"2025-04-17T17:00:07","modified_gmt":"2025-04-17T17:00:07","slug":"ltbg","status":"publish","type":"page","link":"https:\/\/econatur.net\/en\/ltbg\/","title":{"rendered":"LTBG"},"content":{"rendered":"\n<h1 class=\"wp-block-heading has-text-color has-link-color wp-elements-36e5e15d804fa938a16f86ac038cb8e7\" style=\"color:#698c00\">NORMATIVA<\/h1>\n\n\n\n<p>La compa\u00f1\u00eda Laboratorios <a href=\"https:\/\/econatur.net\/\" data-internallinksmanager029f6b8e52c=\"2\" title=\"Empresa de Biotecnolog\u00eda Vegetal\">Econatur<\/a> SLU, es sujeto obligado por la \u201cLey 19\/2013, de 9 de diciembre, de transparencia, acceso a la informaci\u00f3n p\u00fablica y buen gobierno\u201d, al haber percibido durante los periodos 2018, 2019 y 2020 ayudas o subvenciones p\u00fablicas en una cuant\u00eda superior a 100.000 euros. A estos efectos, y en cumplimiento de dicha Ley, se publica la siguiente informaci\u00f3n relativa a los contratos y convenios suscritos con Administraciones P\u00fablicas y a las subvenciones y ayudas p\u00fablicas percibidas durante los periodos indicados.<\/p>\n\n\n\n<div style=\"height:40px\" aria-hidden=\"true\" class=\"wp-block-spacer\"><\/div>\n\n\n\n<h2 class=\"wp-block-heading has-text-color has-link-color wp-elements-96ce1c28505e2340395f751a451bdfa0\" style=\"color:#698c00\">NORMATIVA APLICABLE<\/h2>\n\n\n\n<p>Legislaci\u00f3n espec\u00edfica espa\u00f1ola estatal y auton\u00f3mica aplicable a la actividad de laboratorios Econatur SLU<\/p>\n\n\n\n<p>\u00b7 Real Decreto 506\/2013, de 28 de junio, sobre productos fertilizantes.<\/p>\n\n\n\n<p>\u00b7 Reglamento (ce) N 2003\/2003 del parlamento europeo y del consejo de 13 de octubre de 2003 relativo a los abonos<\/p>\n\n\n\n<p>\u00b7 UNE 142500:2017. Fertilizantes, enmiendas y sustratos de cultivo para AE<br>\u00b7 UNE 315500:2017. Fitosanitarios para AE<\/p>\n\n\n\n<p>\u00b7 Reglamento (CE) No 1107\/2009 del Parlamento Europeo y del Consejo de 21 de octubre de 2009 relativo a la comercializaci\u00f3n de productos fitosanitarios y por el que se derogan las Directivas 79\/117\/CEE y 91\/414\/CEE del Consejo<\/p>\n\n\n\n<div style=\"height:40px\" aria-hidden=\"true\" class=\"wp-block-spacer\"><\/div>\n\n\n\n<figure class=\"wp-block-image size-large\"><img decoding=\"async\" width=\"1024\" height=\"803\" src=\"https:\/\/econatur.net\/wp-content\/uploads\/2024\/09\/ORGANIGRAMA-NOMBRES-1024x803.jpg\" alt=\"\" class=\"wp-image-1424\" srcset=\"https:\/\/econatur.net\/wp-content\/uploads\/2024\/09\/ORGANIGRAMA-NOMBRES-1024x803.jpg 1024w, https:\/\/econatur.net\/wp-content\/uploads\/2024\/09\/ORGANIGRAMA-NOMBRES-300x235.jpg 300w, https:\/\/econatur.net\/wp-content\/uploads\/2024\/09\/ORGANIGRAMA-NOMBRES-768x602.jpg 768w, https:\/\/econatur.net\/wp-content\/uploads\/2024\/09\/ORGANIGRAMA-NOMBRES-450x353.jpg 450w, https:\/\/econatur.net\/wp-content\/uploads\/2024\/09\/ORGANIGRAMA-NOMBRES.jpg 1504w\" sizes=\"(max-width: 1024px) 100vw, 1024px\" \/><\/figure>\n\n\n\n<div style=\"height:40px\" aria-hidden=\"true\" class=\"wp-block-spacer\"><\/div>\n\n\n\n<h2 class=\"wp-block-heading has-text-color has-link-color wp-elements-ec2332683b4043a7f1e217ab3840b639\" style=\"color:#698c00\">CONTRATOS<\/h2>\n\n\n\n<figure class=\"wp-block-image size-large\"><img decoding=\"async\" width=\"1024\" height=\"387\" src=\"https:\/\/econatur.net\/wp-content\/uploads\/2024\/09\/contratos-2048x1448-1-1024x387.webp\" alt=\"\" class=\"wp-image-1426\" srcset=\"https:\/\/econatur.net\/wp-content\/uploads\/2024\/09\/contratos-2048x1448-1-1024x387.webp 1024w, https:\/\/econatur.net\/wp-content\/uploads\/2024\/09\/contratos-2048x1448-1-300x113.webp 300w, https:\/\/econatur.net\/wp-content\/uploads\/2024\/09\/contratos-2048x1448-1-768x290.webp 768w, https:\/\/econatur.net\/wp-content\/uploads\/2024\/09\/contratos-2048x1448-1-1536x581.webp 1536w, https:\/\/econatur.net\/wp-content\/uploads\/2024\/09\/contratos-2048x1448-1-450x170.webp 450w, https:\/\/econatur.net\/wp-content\/uploads\/2024\/09\/contratos-2048x1448-1.webp 1984w\" sizes=\"(max-width: 1024px) 100vw, 1024px\" \/><\/figure>\n\n\n\n<div style=\"height:40px\" aria-hidden=\"true\" class=\"wp-block-spacer\"><\/div>\n\n\n\n<h2 class=\"wp-block-heading has-text-color has-link-color wp-elements-12bc6f51fa354d17cb514500b4920872\" style=\"color:#698c00\">CONVENIOS<\/h2>\n\n\n\n<figure class=\"wp-block-image size-large\"><img decoding=\"async\" width=\"1024\" height=\"205\" src=\"https:\/\/econatur.net\/wp-content\/uploads\/2024\/09\/CONVENIOS-1024x205.jpg\" alt=\"\" class=\"wp-image-1428\" srcset=\"https:\/\/econatur.net\/wp-content\/uploads\/2024\/09\/CONVENIOS-1024x205.jpg 1024w, https:\/\/econatur.net\/wp-content\/uploads\/2024\/09\/CONVENIOS-300x60.jpg 300w, https:\/\/econatur.net\/wp-content\/uploads\/2024\/09\/CONVENIOS-768x154.jpg 768w, https:\/\/econatur.net\/wp-content\/uploads\/2024\/09\/CONVENIOS-450x90.jpg 450w, https:\/\/econatur.net\/wp-content\/uploads\/2024\/09\/CONVENIOS.jpg 1525w\" sizes=\"(max-width: 1024px) 100vw, 1024px\" \/><\/figure>\n\n\n\n<div style=\"height:40px\" aria-hidden=\"true\" class=\"wp-block-spacer\"><\/div>\n\n\n\n<h2 class=\"wp-block-heading has-text-color has-link-color wp-elements-9f233db1ffa0b4d252448faf7e1a6404\" style=\"color:#698c00\">AYUDAS<\/h2>\n\n\n\n<figure class=\"wp-block-image size-large\"><img decoding=\"async\" width=\"724\" height=\"1024\" src=\"https:\/\/econatur.net\/wp-content\/uploads\/2024\/09\/ayudas-724x1024.png\" alt=\"\" class=\"wp-image-1430\" srcset=\"https:\/\/econatur.net\/wp-content\/uploads\/2024\/09\/ayudas-724x1024.png 724w, https:\/\/econatur.net\/wp-content\/uploads\/2024\/09\/ayudas-212x300.png 212w, https:\/\/econatur.net\/wp-content\/uploads\/2024\/09\/ayudas-768x1086.png 768w, https:\/\/econatur.net\/wp-content\/uploads\/2024\/09\/ayudas-1086x1536.png 1086w, https:\/\/econatur.net\/wp-content\/uploads\/2024\/09\/ayudas-1448x2048.png 1448w, https:\/\/econatur.net\/wp-content\/uploads\/2024\/09\/ayudas-450x636.png 450w\" sizes=\"(max-width: 724px) 100vw, 724px\" \/><\/figure>\n\n\n\n<div style=\"height:40px\" aria-hidden=\"true\" class=\"wp-block-spacer\"><\/div>\n\n\n\n<h2 class=\"wp-block-heading has-text-align-left has-text-color has-link-color wp-elements-91cfd1c74e59d63bdb874f7336806b69\" style=\"color:#698c00\"><strong>CUENTAS<\/strong> (Ver enlaces siguientes)<\/h2>\n\n\n\n<div class=\"wp-block-columns are-vertically-aligned-center is-not-stacked-on-mobile is-layout-flex wp-container-core-columns-is-layout-28f84493 wp-block-columns-is-layout-flex\">\n<div class=\"wp-block-column is-vertically-aligned-center is-layout-flow wp-block-column-is-layout-flow\" style=\"flex-basis:160px\">\n<figure class=\"wp-block-image size-full is-resized\"><img decoding=\"async\" width=\"222\" height=\"178\" src=\"https:\/\/econatur.net\/wp-content\/uploads\/2024\/09\/2020.jpg\" alt=\"\" class=\"wp-image-1459\" style=\"width:197px;height:auto\"\/><\/figure>\n<\/div>\n\n\n\n<div class=\"wp-block-column is-vertically-aligned-center is-layout-flow wp-block-column-is-layout-flow\" style=\"flex-basis:160px\">\n<figure class=\"wp-block-image size-full is-resized\"><img decoding=\"async\" width=\"222\" height=\"178\" src=\"https:\/\/econatur.net\/wp-content\/uploads\/2024\/09\/2019.jpg\" alt=\"\" class=\"wp-image-1461\" style=\"width:197px;height:auto\"\/><\/figure>\n<\/div>\n\n\n\n<div class=\"wp-block-column is-vertically-aligned-center is-layout-flow wp-block-column-is-layout-flow\" style=\"flex-basis:160px\">\n<figure class=\"wp-block-image size-full is-resized\"><img decoding=\"async\" width=\"222\" height=\"178\" src=\"https:\/\/econatur.net\/wp-content\/uploads\/2024\/09\/2018.jpg\" alt=\"\" class=\"wp-image-1463\" style=\"width:197px;height:auto\"\/><\/figure>\n<\/div>\n<\/div>\n\n\n\n<p><\/p>\n","protected":false},"excerpt":{"rendered":"<p>NORMATIVA La compa\u00f1\u00eda Laboratorios Econatur SLU, es sujeto obligado por la \u201cLey 19\/2013, de 9 de diciembre, de transparencia, acceso a la informaci\u00f3n p\u00fablica y buen gobierno\u201d, al haber percibido durante los periodos 2018, 2019 y 2020 ayudas o subvenciones p\u00fablicas en una cuant\u00eda superior a 100.000 euros. A estos efectos, y en cumplimiento de [&hellip;]<\/p>\n","protected":false},"author":2,"featured_media":0,"parent":0,"menu_order":0,"comment_status":"closed","ping_status":"closed","template":"page-textolegal","meta":{"_acf_changed":false,"inline_featured_image":false,"footnotes":""},"class_list":["post-1502","page","type-page","status-publish","hentry"],"acf":[],"yoast_head":"<!-- This site is optimized with the Yoast SEO plugin v27.5 - https:\/\/yoast.com\/product\/yoast-seo-wordpress\/ -->\n<title>LTBG - Econatur<\/title>\n<meta name=\"description\" content=\"NORMATIVA La compa\u00f1\u00eda Laboratorios Econatur SLU, es sujeto obligado por la \u201cLey 19\/2013, de 9 de diciembre, de transparencia, acceso a la informaci\u00f3n\" \/>\n<meta name=\"robots\" content=\"index, follow, max-snippet:-1, max-image-preview:large, max-video-preview:-1\" \/>\n<link rel=\"canonical\" href=\"https:\/\/econatur.net\/en\/ltbg\/\" \/>\n<meta property=\"og:locale\" content=\"en_US\" \/>\n<meta property=\"og:type\" content=\"article\" \/>\n<meta property=\"og:title\" content=\"LTBG - Econatur\" \/>\n<meta property=\"og:description\" content=\"NORMATIVA La compa\u00f1\u00eda Laboratorios Econatur SLU, es sujeto obligado por la \u201cLey 19\/2013, de 9 de diciembre, de transparencia, acceso a la informaci\u00f3n\" \/>\n<meta property=\"og:url\" content=\"https:\/\/econatur.net\/en\/ltbg\/\" \/>\n<meta property=\"og:site_name\" content=\"Econatur\" \/>\n<meta property=\"article:modified_time\" content=\"2025-04-17T17:00:07+00:00\" \/>\n<meta property=\"og:image\" content=\"https:\/\/econatur.net\/wp-content\/uploads\/2024\/09\/ORGANIGRAMA-NOMBRES.jpg\" \/>\n\t<meta property=\"og:image:width\" content=\"1504\" \/>\n\t<meta property=\"og:image:height\" content=\"1179\" \/>\n\t<meta property=\"og:image:type\" content=\"image\/jpeg\" \/>\n<meta name=\"twitter:card\" content=\"summary_large_image\" \/>\n<meta name=\"twitter:label1\" content=\"Est. reading time\" \/>\n\t<meta name=\"twitter:data1\" content=\"3 minutes\" \/>\n<script type=\"application\/ld+json\" class=\"yoast-schema-graph\">{\"@context\":\"https:\\\/\\\/schema.org\",\"@graph\":[{\"@type\":\"WebPage\",\"@id\":\"https:\\\/\\\/econatur.net\\\/en\\\/ltbg\\\/\",\"url\":\"https:\\\/\\\/econatur.net\\\/en\\\/ltbg\\\/\",\"name\":\"LTBG - Econatur\",\"isPartOf\":{\"@id\":\"https:\\\/\\\/econatur.net\\\/en\\\/#website\"},\"primaryImageOfPage\":{\"@id\":\"https:\\\/\\\/econatur.net\\\/en\\\/ltbg\\\/#primaryimage\"},\"image\":{\"@id\":\"https:\\\/\\\/econatur.net\\\/en\\\/ltbg\\\/#primaryimage\"},\"thumbnailUrl\":\"https:\\\/\\\/econatur.net\\\/wp-content\\\/uploads\\\/2024\\\/09\\\/ORGANIGRAMA-NOMBRES-1024x803.jpg\",\"datePublished\":\"2024-09-26T17:19:28+00:00\",\"dateModified\":\"2025-04-17T17:00:07+00:00\",\"description\":\"NORMATIVA La compa\u00f1\u00eda Laboratorios Econatur SLU, es sujeto obligado por la \u201cLey 19\\\/2013, de 9 de diciembre, de transparencia, acceso a la informaci\u00f3n\",\"breadcrumb\":{\"@id\":\"https:\\\/\\\/econatur.net\\\/en\\\/ltbg\\\/#breadcrumb\"},\"inLanguage\":\"en-US\",\"potentialAction\":[{\"@type\":\"ReadAction\",\"target\":[\"https:\\\/\\\/econatur.net\\\/en\\\/ltbg\\\/\"]}]},{\"@type\":\"ImageObject\",\"inLanguage\":\"en-US\",\"@id\":\"https:\\\/\\\/econatur.net\\\/en\\\/ltbg\\\/#primaryimage\",\"url\":\"https:\\\/\\\/econatur.net\\\/wp-content\\\/uploads\\\/2024\\\/09\\\/ORGANIGRAMA-NOMBRES-1024x803.jpg\",\"contentUrl\":\"https:\\\/\\\/econatur.net\\\/wp-content\\\/uploads\\\/2024\\\/09\\\/ORGANIGRAMA-NOMBRES-1024x803.jpg\"},{\"@type\":\"BreadcrumbList\",\"@id\":\"https:\\\/\\\/econatur.net\\\/en\\\/ltbg\\\/#breadcrumb\",\"itemListElement\":[{\"@type\":\"ListItem\",\"position\":1,\"name\":\"Portada\",\"item\":\"https:\\\/\\\/econatur.net\\\/en\\\/\"},{\"@type\":\"ListItem\",\"position\":2,\"name\":\"LTBG\"}]},{\"@type\":\"WebSite\",\"@id\":\"https:\\\/\\\/econatur.net\\\/en\\\/#website\",\"url\":\"https:\\\/\\\/econatur.net\\\/en\\\/\",\"name\":\"Econatur\",\"description\":\"Lo mejor para la agricultura\",\"potentialAction\":[{\"@type\":\"SearchAction\",\"target\":{\"@type\":\"EntryPoint\",\"urlTemplate\":\"https:\\\/\\\/econatur.net\\\/en\\\/?s={search_term_string}\"},\"query-input\":{\"@type\":\"PropertyValueSpecification\",\"valueRequired\":true,\"valueName\":\"search_term_string\"}}],\"inLanguage\":\"en-US\"}]}<\/script>\n<!-- \/ Yoast SEO plugin. -->","yoast_head_json":{"title":"LTBG - Econatur","description":"NORMATIVA La compa\u00f1\u00eda Laboratorios Econatur SLU, es sujeto obligado por la \u201cLey 19\/2013, de 9 de diciembre, de transparencia, acceso a la informaci\u00f3n","robots":{"index":"index","follow":"follow","max-snippet":"max-snippet:-1","max-image-preview":"max-image-preview:large","max-video-preview":"max-video-preview:-1"},"canonical":"https:\/\/econatur.net\/en\/ltbg\/","og_locale":"en_US","og_type":"article","og_title":"LTBG - Econatur","og_description":"NORMATIVA La compa\u00f1\u00eda Laboratorios Econatur SLU, es sujeto obligado por la \u201cLey 19\/2013, de 9 de diciembre, de transparencia, acceso a la informaci\u00f3n","og_url":"https:\/\/econatur.net\/en\/ltbg\/","og_site_name":"Econatur","article_modified_time":"2025-04-17T17:00:07+00:00","og_image":[{"width":1504,"height":1179,"url":"https:\/\/econatur.net\/wp-content\/uploads\/2024\/09\/ORGANIGRAMA-NOMBRES.jpg","type":"image\/jpeg"}],"twitter_card":"summary_large_image","twitter_misc":{"Est. reading time":"3 minutes"},"schema":{"@context":"https:\/\/schema.org","@graph":[{"@type":"WebPage","@id":"https:\/\/econatur.net\/en\/ltbg\/","url":"https:\/\/econatur.net\/en\/ltbg\/","name":"LTBG - Econatur","isPartOf":{"@id":"https:\/\/econatur.net\/en\/#website"},"primaryImageOfPage":{"@id":"https:\/\/econatur.net\/en\/ltbg\/#primaryimage"},"image":{"@id":"https:\/\/econatur.net\/en\/ltbg\/#primaryimage"},"thumbnailUrl":"https:\/\/econatur.net\/wp-content\/uploads\/2024\/09\/ORGANIGRAMA-NOMBRES-1024x803.jpg","datePublished":"2024-09-26T17:19:28+00:00","dateModified":"2025-04-17T17:00:07+00:00","description":"NORMATIVA La compa\u00f1\u00eda Laboratorios Econatur SLU, es sujeto obligado por la \u201cLey 19\/2013, de 9 de diciembre, de transparencia, acceso a la informaci\u00f3n","breadcrumb":{"@id":"https:\/\/econatur.net\/en\/ltbg\/#breadcrumb"},"inLanguage":"en-US","potentialAction":[{"@type":"ReadAction","target":["https:\/\/econatur.net\/en\/ltbg\/"]}]},{"@type":"ImageObject","inLanguage":"en-US","@id":"https:\/\/econatur.net\/en\/ltbg\/#primaryimage","url":"https:\/\/econatur.net\/wp-content\/uploads\/2024\/09\/ORGANIGRAMA-NOMBRES-1024x803.jpg","contentUrl":"https:\/\/econatur.net\/wp-content\/uploads\/2024\/09\/ORGANIGRAMA-NOMBRES-1024x803.jpg"},{"@type":"BreadcrumbList","@id":"https:\/\/econatur.net\/en\/ltbg\/#breadcrumb","itemListElement":[{"@type":"ListItem","position":1,"name":"Portada","item":"https:\/\/econatur.net\/en\/"},{"@type":"ListItem","position":2,"name":"LTBG"}]},{"@type":"WebSite","@id":"https:\/\/econatur.net\/en\/#website","url":"https:\/\/econatur.net\/en\/","name":"Econatur","description":"Lo mejor para la agricultura","potentialAction":[{"@type":"SearchAction","target":{"@type":"EntryPoint","urlTemplate":"https:\/\/econatur.net\/en\/?s={search_term_string}"},"query-input":{"@type":"PropertyValueSpecification","valueRequired":true,"valueName":"search_term_string"}}],"inLanguage":"en-US"}]}},"_links":{"self":[{"href":"https:\/\/econatur.net\/en\/wp-json\/wp\/v2\/pages\/1502","targetHints":{"allow":["GET"]}}],"collection":[{"href":"https:\/\/econatur.net\/en\/wp-json\/wp\/v2\/pages"}],"about":[{"href":"https:\/\/econatur.net\/en\/wp-json\/wp\/v2\/types\/page"}],"author":[{"embeddable":true,"href":"https:\/\/econatur.net\/en\/wp-json\/wp\/v2\/users\/2"}],"replies":[{"embeddable":true,"href":"https:\/\/econatur.net\/en\/wp-json\/wp\/v2\/comments?post=1502"}],"version-history":[{"count":1,"href":"https:\/\/econatur.net\/en\/wp-json\/wp\/v2\/pages\/1502\/revisions"}],"predecessor-version":[{"id":2864,"href":"https:\/\/econatur.net\/en\/wp-json\/wp\/v2\/pages\/1502\/revisions\/2864"}],"wp:attachment":[{"href":"https:\/\/econatur.net\/en\/wp-json\/wp\/v2\/media?parent=1502"}],"curies":[{"name":"wp","href":"https:\/\/api.w.org\/{rel}","templated":true}]}}